{"id":1099,"date":"2026-01-30T23:02:51","date_gmt":"2026-01-30T23:02:51","guid":{"rendered":"https:\/\/cranky-robinson.95-216-11-62.plesk.page\/?page_id=1099"},"modified":"2026-04-22T10:48:32","modified_gmt":"2026-04-22T10:48:32","slug":"homepage","status":"publish","type":"page","link":"https:\/\/cranky-robinson.95-216-11-62.plesk.page\/","title":{"rendered":"Homepage"},"content":{"rendered":"\t\t<div data-elementor-type=\"wp-page\" data-elementor-id=\"1099\" class=\"elementor elementor-1099\" data-elementor-post-type=\"page\">\n\t\t\t\t<div class=\"elementor-element elementor-element-cdc8674 e-con-full e-flex e-con e-parent\" data-id=\"cdc8674\" data-element_type=\"container\" data-e-type=\"container\">\n\t\t\t\t<div class=\"elementor-element elementor-element-2eb2498 elementor--h-position-right elementor--v-position-middle elementor-arrows-position-inside elementor-widget elementor-widget-slides\" data-id=\"2eb2498\" data-element_type=\"widget\" data-e-type=\"widget\" data-settings=\"{&quot;navigation&quot;:&quot;arrows&quot;,&quot;autoplay&quot;:&quot;yes&quot;,&quot;pause_on_hover&quot;:&quot;yes&quot;,&quot;pause_on_interaction&quot;:&quot;yes&quot;,&quot;autoplay_speed&quot;:5000,&quot;infinite&quot;:&quot;yes&quot;,&quot;transition&quot;:&quot;slide&quot;,&quot;transition_speed&quot;:500}\" data-widget_type=\"slides.default\">\n\t\t\t\t\t\t\t\t\t\t<div class=\"elementor-slides-wrapper elementor-main-swiper swiper\" role=\"region\" aria-roledescription=\"carousel\" aria-label=\"Slides\" dir=\"ltr\" data-animation=\"fadeInUp\">\n\t\t\t\t<div class=\"swiper-wrapper elementor-slides\">\n\t\t\t\t\t\t\t\t\t\t<div class=\"elementor-repeater-item-6fdd54c swiper-slide\" role=\"group\" aria-roledescription=\"slide\"><div class=\"swiper-slide-bg\" role=\"img\" aria-label=\"Gallery-img-2_2.jpg\"><\/div><div class=\"swiper-slide-inner\" ><div class=\"swiper-slide-contents\"><div class=\"elementor-slide-heading\">Nome do Projeto<\/div><div class=\"elementor-slide-description\">Lorem ipsum dolor sit amet consectetur adipiscing elit dolor. Lorem ipsum dolor sit amet consectetur adipiscing elit dolor<\/div><div  class=\"elementor-button elementor-slide-button elementor-size-xs\">ver<\/div><\/div><\/div><\/div><div class=\"elementor-repeater-item-e9a3af5 swiper-slide\" role=\"group\" aria-roledescription=\"slide\"><div class=\"swiper-slide-bg\" role=\"img\" aria-label=\"Gallery-img-2_3.jpg\"><\/div><div class=\"swiper-slide-inner\" ><div class=\"swiper-slide-contents\"><div class=\"elementor-slide-heading\">Nome do Projeto<\/div><div class=\"elementor-slide-description\">Lorem ipsum dolor sit amet consectetur adipiscing elit dolor. Lorem ipsum dolor sit amet consectetur adipiscing elit dolor<\/div><div  class=\"elementor-button elementor-slide-button elementor-size-xs\">Ver<\/div><\/div><\/div><\/div><div class=\"elementor-repeater-item-6e8dcfd swiper-slide\" role=\"group\" aria-roledescription=\"slide\"><div class=\"swiper-slide-bg\" role=\"img\" aria-label=\"Gallery-Marketing-Agency.jpg\"><\/div><div class=\"swiper-slide-inner\" ><div class=\"swiper-slide-contents\"><div class=\"elementor-slide-heading\">Nome do Projeto<\/div><div class=\"elementor-slide-description\">Lorem ipsum dolor sit amet consectetur adipiscing elit dolor. Lorem ipsum dolor sit amet consectetur adipiscing elit dolor<\/div><div  class=\"elementor-button elementor-slide-button elementor-size-xs\">Ver<\/div><\/div><\/div><\/div>\t\t\t\t<\/div>\n\t\t\t\t\t\t\t\t\t\t\t\t\t\t\t<div class=\"elementor-swiper-button elementor-swiper-button-prev\" role=\"button\" tabindex=\"0\" aria-label=\"Previous slide\">\n\t\t\t\t\t\t\t<svg aria-hidden=\"true\" class=\"e-font-icon-svg e-eicon-chevron-left\" viewBox=\"0 0 1000 1000\" xmlns=\"http:\/\/www.w3.org\/2000\/svg\"><path d=\"M646 125C629 125 613 133 604 142L308 442C296 454 292 471 292 487 292 504 296 521 308 533L604 854C617 867 629 875 646 875 663 875 679 871 692 858 704 846 713 829 713 812 713 796 708 779 692 767L438 487 692 225C700 217 708 204 708 187 708 171 704 154 692 142 675 129 663 125 646 125Z\"><\/path><\/svg>\t\t\t\t\t\t<\/div>\n\t\t\t\t\t\t<div class=\"elementor-swiper-button elementor-swiper-button-next\" role=\"button\" tabindex=\"0\" aria-label=\"Next slide\">\n\t\t\t\t\t\t\t<svg aria-hidden=\"true\" class=\"e-font-icon-svg e-eicon-chevron-right\" viewBox=\"0 0 1000 1000\" xmlns=\"http:\/\/www.w3.org\/2000\/svg\"><path d=\"M696 533C708 521 713 504 713 487 713 471 708 454 696 446L400 146C388 133 375 125 354 125 338 125 325 129 313 142 300 154 292 171 292 187 292 204 296 221 308 233L563 492 304 771C292 783 288 800 288 817 288 833 296 850 308 863 321 871 338 875 354 875 371 875 388 867 400 854L696 533Z\"><\/path><\/svg>\t\t\t\t\t\t<\/div>\n\t\t\t\t\t\t\t\t\t\t\t\t\t\t\t\t\t<\/div>\n\t\t\t\t\t\t\t\t<\/div>\n\t\t\t\t<\/div>\n\t\t<div class=\"elementor-element elementor-element-73a3a44 e-flex e-con-boxed e-con e-parent\" data-id=\"73a3a44\" data-element_type=\"container\" data-e-type=\"container\" data-settings=\"{&quot;background_background&quot;:&quot;classic&quot;}\">\n\t\t\t\t\t<div class=\"e-con-inner\">\n\t\t\t\t<div class=\"elementor-element elementor-element-cbe583e elementor-invisible elementor-widget elementor-widget-heading\" data-id=\"cbe583e\" data-element_type=\"widget\" data-e-type=\"widget\" data-settings=\"{&quot;motion_fx_motion_fx_mouse&quot;:&quot;yes&quot;,&quot;_animation&quot;:&quot;slideInDown&quot;}\" data-widget_type=\"heading.default\">\n\t\t\t\t\t<h1 class=\"elementor-heading-title elementor-size-default\">Sempre online <br>\ne a pensar <br>nas pessoas<\/h1>\t\t\t\t<\/div>\n\t\t\t\t<div class=\"elementor-element elementor-element-167915c elementor-widget elementor-widget-n-accordion\" data-id=\"167915c\" data-element_type=\"widget\" data-e-type=\"widget\" data-settings=\"{&quot;default_state&quot;:&quot;all_collapsed&quot;,&quot;max_items_expended&quot;:&quot;one&quot;,&quot;n_accordion_animation_duration&quot;:{&quot;unit&quot;:&quot;ms&quot;,&quot;size&quot;:400,&quot;sizes&quot;:[]}}\" data-widget_type=\"nested-accordion.default\">\n\t\t\t\t\t\t\t<div class=\"e-n-accordion\" aria-label=\"Accordion. Open links with Enter or Space, close with Escape, and navigate with Arrow Keys\">\n\t\t\t\t\t\t<details id=\"e-n-accordion-item-2350\" class=\"e-n-accordion-item\" >\n\t\t\t\t<summary class=\"e-n-accordion-item-title\" data-accordion-index=\"1\" tabindex=\"0\" aria-expanded=\"false\" aria-controls=\"e-n-accordion-item-2350\" >\n\t\t\t\t\t<span class='e-n-accordion-item-title-header'><div class=\"e-n-accordion-item-title-text\"> Estrat\u00e9gia <\/div><\/span>\n\t\t\t\t\t\t\t<span class='e-n-accordion-item-title-icon'>\n\t\t\t<span class='e-opened' ><i aria-hidden=\"true\" class=\"icon icon-minus\"><\/i><\/span>\n\t\t\t<span class='e-closed'><i aria-hidden=\"true\" class=\"icon icon-plus\"><\/i><\/span>\n\t\t<\/span>\n\n\t\t\t\t\t\t<\/summary>\n\t\t\t\t<div role=\"region\" aria-labelledby=\"e-n-accordion-item-2350\" class=\"elementor-element elementor-element-95d19d8 e-con-full e-flex elementor-invisible e-con e-child\" data-id=\"95d19d8\" data-element_type=\"container\" data-e-type=\"container\" data-settings=\"{&quot;animation&quot;:&quot;fadeIn&quot;,&quot;animation_delay&quot;:200}\">\n\t\t<div role=\"region\" aria-labelledby=\"e-n-accordion-item-2350\" class=\"elementor-element elementor-element-a3b37f9 e-con-full e-flex e-con e-child\" data-id=\"a3b37f9\" data-element_type=\"container\" data-e-type=\"container\">\n\t\t\t\t<div class=\"elementor-element elementor-element-ead4dc4 elementor-widget elementor-widget-text-editor\" data-id=\"ead4dc4\" data-element_type=\"widget\" data-e-type=\"widget\" data-widget_type=\"text-editor.default\">\n\t\t\t\t\t\t\t\t\t<p class=\"p1\">Pensamos antes de fazer. E fazemos com inten\u00e7\u00e3o.<\/p><p class=\"p1\">Analisamos neg\u00f3cio, cultura e comportamentos para definir a mensagem certa, os canais certos e o plano certo.<br \/>Transformamos objetivos em dire\u00e7\u00e3o clara e ideias em a\u00e7\u00f5es que fazem sentido.<\/p>\t\t\t\t\t\t\t\t<\/div>\n\t\t\t\t<\/div>\n\t\t<div role=\"region\" aria-labelledby=\"e-n-accordion-item-2350\" class=\"elementor-element elementor-element-7fd1db5 e-con-full e-flex e-con e-child\" data-id=\"7fd1db5\" data-element_type=\"container\" data-e-type=\"container\">\n\t\t\t\t<div class=\"elementor-element elementor-element-0048669 elementor-widget elementor-widget-image\" data-id=\"0048669\" data-element_type=\"widget\" data-e-type=\"widget\" data-widget_type=\"image.default\">\n\t\t\t\t\t\t\t\t\t\t\t\t\t\t\t<img fetchpriority=\"high\" decoding=\"async\" width=\"800\" height=\"556\" src=\"https:\/\/cranky-robinson.95-216-11-62.plesk.page\/wp-content\/uploads\/2026\/01\/carrossel-2-1024x712.jpg\" class=\"attachment-large size-large wp-image-509\" alt=\"\" srcset=\"https:\/\/cranky-robinson.95-216-11-62.plesk.page\/wp-content\/uploads\/2026\/01\/carrossel-2-1024x712.jpg 1024w, https:\/\/cranky-robinson.95-216-11-62.plesk.page\/wp-content\/uploads\/2026\/01\/carrossel-2-300x209.jpg 300w, https:\/\/cranky-robinson.95-216-11-62.plesk.page\/wp-content\/uploads\/2026\/01\/carrossel-2-768x534.jpg 768w, https:\/\/cranky-robinson.95-216-11-62.plesk.page\/wp-content\/uploads\/2026\/01\/carrossel-2-1536x1069.jpg 1536w, https:\/\/cranky-robinson.95-216-11-62.plesk.page\/wp-content\/uploads\/2026\/01\/carrossel-2.jpg 1689w\" sizes=\"(max-width: 800px) 100vw, 800px\" \/>\t\t\t\t\t\t\t\t\t\t\t\t\t\t\t<\/div>\n\t\t\t\t<\/div>\n\t\t\t\t<\/div>\n\t\t\t\t\t<\/details>\n\t\t\t\t\t\t<details id=\"e-n-accordion-item-2351\" class=\"e-n-accordion-item\" >\n\t\t\t\t<summary class=\"e-n-accordion-item-title\" data-accordion-index=\"2\" tabindex=\"-1\" aria-expanded=\"false\" aria-controls=\"e-n-accordion-item-2351\" >\n\t\t\t\t\t<span class='e-n-accordion-item-title-header'><div class=\"e-n-accordion-item-title-text\"> Criatividade &amp; Social Media <\/div><\/span>\n\t\t\t\t\t\t\t<span class='e-n-accordion-item-title-icon'>\n\t\t\t<span class='e-opened' ><i aria-hidden=\"true\" class=\"icon icon-minus\"><\/i><\/span>\n\t\t\t<span class='e-closed'><i aria-hidden=\"true\" class=\"icon icon-plus\"><\/i><\/span>\n\t\t<\/span>\n\n\t\t\t\t\t\t<\/summary>\n\t\t\t\t<div role=\"region\" aria-labelledby=\"e-n-accordion-item-2351\" class=\"elementor-element elementor-element-7965491 e-con-full e-flex elementor-invisible e-con e-child\" data-id=\"7965491\" data-element_type=\"container\" data-e-type=\"container\" data-settings=\"{&quot;animation&quot;:&quot;fadeIn&quot;,&quot;animation_delay&quot;:200}\">\n\t\t<div role=\"region\" aria-labelledby=\"e-n-accordion-item-2351\" class=\"elementor-element elementor-element-a817a1d e-con-full e-flex e-con e-child\" data-id=\"a817a1d\" data-element_type=\"container\" data-e-type=\"container\">\n\t\t\t\t<div class=\"elementor-element elementor-element-14a1ad5 elementor-widget elementor-widget-text-editor\" data-id=\"14a1ad5\" data-element_type=\"widget\" data-e-type=\"widget\" data-widget_type=\"text-editor.default\">\n\t\t\t\t\t\t\t\t\t<p class=\"p1\">Vivemos as plataformas todos os dias e nota-se.<\/p><p class=\"p1\">Criamos conte\u00fados, gerimos comunidades e acompanhamos as conversas em tempo real.<\/p><p class=\"p1\">Do planeamento \u00e0 gest\u00e3o de crise, do engagement \u00e0 publicidade, ajudamos as marcas a estarem presentes com <span class=\"s1\">relev\u00e2ncia<\/span> e consist\u00eancia.<\/p>\t\t\t\t\t\t\t\t<\/div>\n\t\t\t\t<\/div>\n\t\t<div role=\"region\" aria-labelledby=\"e-n-accordion-item-2351\" class=\"elementor-element elementor-element-4ace73c e-con-full e-flex e-con e-child\" data-id=\"4ace73c\" data-element_type=\"container\" data-e-type=\"container\">\n\t\t\t\t<div class=\"elementor-element elementor-element-49e1c3c elementor-widget elementor-widget-image\" data-id=\"49e1c3c\" data-element_type=\"widget\" data-e-type=\"widget\" data-widget_type=\"image.default\">\n\t\t\t\t\t\t\t\t\t\t\t\t\t\t\t<img fetchpriority=\"high\" decoding=\"async\" width=\"800\" height=\"556\" src=\"https:\/\/cranky-robinson.95-216-11-62.plesk.page\/wp-content\/uploads\/2026\/01\/carrossel-2-1024x712.jpg\" class=\"attachment-large size-large wp-image-509\" alt=\"\" srcset=\"https:\/\/cranky-robinson.95-216-11-62.plesk.page\/wp-content\/uploads\/2026\/01\/carrossel-2-1024x712.jpg 1024w, https:\/\/cranky-robinson.95-216-11-62.plesk.page\/wp-content\/uploads\/2026\/01\/carrossel-2-300x209.jpg 300w, https:\/\/cranky-robinson.95-216-11-62.plesk.page\/wp-content\/uploads\/2026\/01\/carrossel-2-768x534.jpg 768w, https:\/\/cranky-robinson.95-216-11-62.plesk.page\/wp-content\/uploads\/2026\/01\/carrossel-2-1536x1069.jpg 1536w, https:\/\/cranky-robinson.95-216-11-62.plesk.page\/wp-content\/uploads\/2026\/01\/carrossel-2.jpg 1689w\" sizes=\"(max-width: 800px) 100vw, 800px\" \/>\t\t\t\t\t\t\t\t\t\t\t\t\t\t\t<\/div>\n\t\t\t\t<\/div>\n\t\t\t\t<\/div>\n\t\t\t\t\t<\/details>\n\t\t\t\t\t\t<details id=\"e-n-accordion-item-2352\" class=\"e-n-accordion-item\" >\n\t\t\t\t<summary class=\"e-n-accordion-item-title\" data-accordion-index=\"3\" tabindex=\"-1\" aria-expanded=\"false\" aria-controls=\"e-n-accordion-item-2352\" >\n\t\t\t\t\t<span class='e-n-accordion-item-title-header'><div class=\"e-n-accordion-item-title-text\"> Design &amp; Produ\u00e7\u00e3o <\/div><\/span>\n\t\t\t\t\t\t\t<span class='e-n-accordion-item-title-icon'>\n\t\t\t<span class='e-opened' ><i aria-hidden=\"true\" class=\"icon icon-minus\"><\/i><\/span>\n\t\t\t<span class='e-closed'><i aria-hidden=\"true\" class=\"icon icon-plus\"><\/i><\/span>\n\t\t<\/span>\n\n\t\t\t\t\t\t<\/summary>\n\t\t\t\t<div role=\"region\" aria-labelledby=\"e-n-accordion-item-2352\" class=\"elementor-element elementor-element-ccf35d3 e-con-full e-flex elementor-invisible e-con e-child\" data-id=\"ccf35d3\" data-element_type=\"container\" data-e-type=\"container\" data-settings=\"{&quot;animation&quot;:&quot;fadeIn&quot;,&quot;animation_delay&quot;:200}\">\n\t\t<div role=\"region\" aria-labelledby=\"e-n-accordion-item-2352\" class=\"elementor-element elementor-element-a96482c e-con-full e-flex e-con e-child\" data-id=\"a96482c\" data-element_type=\"container\" data-e-type=\"container\">\n\t\t\t\t<div class=\"elementor-element elementor-element-8548ce9 elementor-widget elementor-widget-text-editor\" data-id=\"8548ce9\" data-element_type=\"widget\" data-e-type=\"widget\" data-widget_type=\"text-editor.default\">\n\t\t\t\t\t\t\t\t\t<p class=\"p1\">Damos forma \u00e0s ideias. E movimento tamb\u00e9m.<\/p><p class=\"p1\">Criamos identidades, pe\u00e7as gr\u00e1ficas e conte\u00fados visuais &#8211; da fotografia e v\u00eddeo ao motion, da anima\u00e7\u00e3o ao 3D.<\/p><p class=\"p1\">Sempre adaptados ao contexto, \u00e0 plataforma e ao objetivo de cada projeto.<\/p>\t\t\t\t\t\t\t\t<\/div>\n\t\t\t\t<\/div>\n\t\t<div role=\"region\" aria-labelledby=\"e-n-accordion-item-2352\" class=\"elementor-element elementor-element-e6359bf e-con-full e-flex e-con e-child\" data-id=\"e6359bf\" data-element_type=\"container\" data-e-type=\"container\">\n\t\t\t\t<div class=\"elementor-element elementor-element-f8b82ac elementor-widget elementor-widget-image\" data-id=\"f8b82ac\" data-element_type=\"widget\" data-e-type=\"widget\" data-widget_type=\"image.default\">\n\t\t\t\t\t\t\t\t\t\t\t\t\t\t\t<img fetchpriority=\"high\" decoding=\"async\" width=\"800\" height=\"556\" src=\"https:\/\/cranky-robinson.95-216-11-62.plesk.page\/wp-content\/uploads\/2026\/01\/carrossel-2-1024x712.jpg\" class=\"attachment-large size-large wp-image-509\" alt=\"\" srcset=\"https:\/\/cranky-robinson.95-216-11-62.plesk.page\/wp-content\/uploads\/2026\/01\/carrossel-2-1024x712.jpg 1024w, https:\/\/cranky-robinson.95-216-11-62.plesk.page\/wp-content\/uploads\/2026\/01\/carrossel-2-300x209.jpg 300w, https:\/\/cranky-robinson.95-216-11-62.plesk.page\/wp-content\/uploads\/2026\/01\/carrossel-2-768x534.jpg 768w, https:\/\/cranky-robinson.95-216-11-62.plesk.page\/wp-content\/uploads\/2026\/01\/carrossel-2-1536x1069.jpg 1536w, https:\/\/cranky-robinson.95-216-11-62.plesk.page\/wp-content\/uploads\/2026\/01\/carrossel-2.jpg 1689w\" sizes=\"(max-width: 800px) 100vw, 800px\" \/>\t\t\t\t\t\t\t\t\t\t\t\t\t\t\t<\/div>\n\t\t\t\t<\/div>\n\t\t\t\t<\/div>\n\t\t\t\t\t<\/details>\n\t\t\t\t\t\t<details id=\"e-n-accordion-item-2353\" class=\"e-n-accordion-item\" >\n\t\t\t\t<summary class=\"e-n-accordion-item-title\" data-accordion-index=\"4\" tabindex=\"-1\" aria-expanded=\"false\" aria-controls=\"e-n-accordion-item-2353\" >\n\t\t\t\t\t<span class='e-n-accordion-item-title-header'><div class=\"e-n-accordion-item-title-text\"> Media Planning &amp; Performance <\/div><\/span>\n\t\t\t\t\t\t\t<span class='e-n-accordion-item-title-icon'>\n\t\t\t<span class='e-opened' ><i aria-hidden=\"true\" class=\"icon icon-minus\"><\/i><\/span>\n\t\t\t<span class='e-closed'><i aria-hidden=\"true\" class=\"icon icon-plus\"><\/i><\/span>\n\t\t<\/span>\n\n\t\t\t\t\t\t<\/summary>\n\t\t\t\t<div role=\"region\" aria-labelledby=\"e-n-accordion-item-2353\" class=\"elementor-element elementor-element-2d26458 e-con-full e-flex elementor-invisible e-con e-child\" data-id=\"2d26458\" data-element_type=\"container\" data-e-type=\"container\" data-settings=\"{&quot;animation&quot;:&quot;fadeIn&quot;,&quot;animation_delay&quot;:200}\">\n\t\t<div role=\"region\" aria-labelledby=\"e-n-accordion-item-2353\" class=\"elementor-element elementor-element-9cde461 e-con-full e-flex e-con e-child\" data-id=\"9cde461\" data-element_type=\"container\" data-e-type=\"container\">\n\t\t\t\t<div class=\"elementor-element elementor-element-c54a5cc elementor-widget elementor-widget-text-editor\" data-id=\"c54a5cc\" data-element_type=\"widget\" data-e-type=\"widget\" data-widget_type=\"text-editor.default\">\n\t\t\t\t\t\t\t\t\t<p class=\"p1\">A criatividade precisa de chegar \u00e0s pessoas certas.<\/p><p class=\"p1\">Planeamos, ativamos e otimizamos campanhas com foco em resultados.<\/p><p class=\"p1\">Cruzamos dados, canais e formatos para garantir efici\u00eancia, alcance e impacto real.<\/p>\t\t\t\t\t\t\t\t<\/div>\n\t\t\t\t<\/div>\n\t\t<div role=\"region\" aria-labelledby=\"e-n-accordion-item-2353\" class=\"elementor-element elementor-element-a85daef e-con-full e-flex e-con e-child\" data-id=\"a85daef\" data-element_type=\"container\" data-e-type=\"container\">\n\t\t\t\t<div class=\"elementor-element elementor-element-13a12e3 elementor-widget elementor-widget-image\" data-id=\"13a12e3\" data-element_type=\"widget\" data-e-type=\"widget\" data-widget_type=\"image.default\">\n\t\t\t\t\t\t\t\t\t\t\t\t\t\t\t<img fetchpriority=\"high\" decoding=\"async\" width=\"800\" height=\"556\" src=\"https:\/\/cranky-robinson.95-216-11-62.plesk.page\/wp-content\/uploads\/2026\/01\/carrossel-2-1024x712.jpg\" class=\"attachment-large size-large wp-image-509\" alt=\"\" srcset=\"https:\/\/cranky-robinson.95-216-11-62.plesk.page\/wp-content\/uploads\/2026\/01\/carrossel-2-1024x712.jpg 1024w, https:\/\/cranky-robinson.95-216-11-62.plesk.page\/wp-content\/uploads\/2026\/01\/carrossel-2-300x209.jpg 300w, https:\/\/cranky-robinson.95-216-11-62.plesk.page\/wp-content\/uploads\/2026\/01\/carrossel-2-768x534.jpg 768w, https:\/\/cranky-robinson.95-216-11-62.plesk.page\/wp-content\/uploads\/2026\/01\/carrossel-2-1536x1069.jpg 1536w, https:\/\/cranky-robinson.95-216-11-62.plesk.page\/wp-content\/uploads\/2026\/01\/carrossel-2.jpg 1689w\" sizes=\"(max-width: 800px) 100vw, 800px\" \/>\t\t\t\t\t\t\t\t\t\t\t\t\t\t\t<\/div>\n\t\t\t\t<\/div>\n\t\t\t\t<\/div>\n\t\t\t\t\t<\/details>\n\t\t\t\t\t<\/div>\n\t\t\t\t\t\t<\/div>\n\t\t<div class=\"elementor-element elementor-element-2226b6a e-con-full e-flex e-con e-child\" data-id=\"2226b6a\" data-element_type=\"container\" data-e-type=\"container\">\n\t\t<div class=\"elementor-element elementor-element-ae8049f e-con-full e-flex e-con e-child\" data-id=\"ae8049f\" data-element_type=\"container\" data-e-type=\"container\">\n\t\t\t\t<div class=\"elementor-element elementor-element-4773d5c elementor-invisible elementor-widget elementor-widget-image\" data-id=\"4773d5c\" data-element_type=\"widget\" data-e-type=\"widget\" data-settings=\"{&quot;_animation&quot;:&quot;slideInLeft&quot;}\" data-widget_type=\"image.default\">\n\t\t\t\t\t\t\t\t\t\t\t\t\t\t\t\t<a href=\"https:\/\/cranky-robinson.95-216-11-62.plesk.page\/?page_id=1550\">\n\t\t\t\t\t\t\t<img decoding=\"async\" width=\"800\" height=\"450\" src=\"https:\/\/cranky-robinson.95-216-11-62.plesk.page\/wp-content\/uploads\/2026\/01\/Gallery-img-2_2.jpg\" class=\"attachment-large size-large wp-image-389\" alt=\"\" srcset=\"https:\/\/cranky-robinson.95-216-11-62.plesk.page\/wp-content\/uploads\/2026\/01\/Gallery-img-2_2.jpg 960w, https:\/\/cranky-robinson.95-216-11-62.plesk.page\/wp-content\/uploads\/2026\/01\/Gallery-img-2_2-300x169.jpg 300w, https:\/\/cranky-robinson.95-216-11-62.plesk.page\/wp-content\/uploads\/2026\/01\/Gallery-img-2_2-768x432.jpg 768w\" sizes=\"(max-width: 800px) 100vw, 800px\" \/>\t\t\t\t\t\t\t\t<\/a>\n\t\t\t\t\t\t\t\t\t\t\t\t\t\t\t<\/div>\n\t\t\t\t<div class=\"elementor-element elementor-element-699817c elementor-invisible elementor-widget elementor-widget-heading\" data-id=\"699817c\" data-element_type=\"widget\" data-e-type=\"widget\" data-settings=\"{&quot;_animation&quot;:&quot;bounceInUp&quot;}\" data-widget_type=\"heading.default\">\n\t\t\t\t\t<h2 class=\"elementor-heading-title elementor-size-default\"><a href=\"https:\/\/cranky-robinson.95-216-11-62.plesk.page\/?page_id=1550\">AI Lab<\/a><\/h2>\t\t\t\t<\/div>\n\t\t\t\t<\/div>\n\t\t<div class=\"elementor-element elementor-element-e645fcd e-con-full e-flex e-con e-child\" data-id=\"e645fcd\" data-element_type=\"container\" data-e-type=\"container\">\n\t\t\t\t<div class=\"elementor-element elementor-element-ea20c67 elementor-invisible elementor-widget elementor-widget-image\" data-id=\"ea20c67\" data-element_type=\"widget\" data-e-type=\"widget\" data-settings=\"{&quot;_animation&quot;:&quot;slideInRight&quot;}\" data-widget_type=\"image.default\">\n\t\t\t\t\t\t\t\t\t\t\t\t\t\t\t\t<a href=\"https:\/\/cranky-robinson.95-216-11-62.plesk.page\/?page_id=457\">\n\t\t\t\t\t\t\t<img decoding=\"async\" width=\"800\" height=\"450\" src=\"https:\/\/cranky-robinson.95-216-11-62.plesk.page\/wp-content\/uploads\/2026\/01\/Gallery-img-2_3.jpg\" class=\"attachment-large size-large wp-image-387\" alt=\"\" srcset=\"https:\/\/cranky-robinson.95-216-11-62.plesk.page\/wp-content\/uploads\/2026\/01\/Gallery-img-2_3.jpg 959w, https:\/\/cranky-robinson.95-216-11-62.plesk.page\/wp-content\/uploads\/2026\/01\/Gallery-img-2_3-300x169.jpg 300w, https:\/\/cranky-robinson.95-216-11-62.plesk.page\/wp-content\/uploads\/2026\/01\/Gallery-img-2_3-768x432.jpg 768w\" sizes=\"(max-width: 800px) 100vw, 800px\" \/>\t\t\t\t\t\t\t\t<\/a>\n\t\t\t\t\t\t\t\t\t\t\t\t\t\t\t<\/div>\n\t\t\t\t<div class=\"elementor-element elementor-element-1de2526 elementor-invisible elementor-widget elementor-widget-heading\" data-id=\"1de2526\" data-element_type=\"widget\" data-e-type=\"widget\" data-settings=\"{&quot;_animation&quot;:&quot;bounceInUp&quot;}\" data-widget_type=\"heading.default\">\n\t\t\t\t\t<h2 class=\"elementor-heading-title elementor-size-default\"><a href=\"https:\/\/cranky-robinson.95-216-11-62.plesk.page\/?page_id=457\">Tiktok Lab<\/a><\/h2>\t\t\t\t<\/div>\n\t\t\t\t<\/div>\n\t\t\t\t<\/div>\n\t\t\t\t\t<\/div>\n\t\t\t\t<\/div>\n\t\t\t\t<\/div>\n\t\t\n    <div class=\"xs_social_share_widget xs_share_url after_content \t\tmain_content  wslu-style-1 wslu-share-box-shaped wslu-fill-colored wslu-none wslu-share-horizontal wslu-theme-font-no wslu-main_content\">\n\n\t\t\n        <ul>\n\t\t\t        <\/ul>\n    <\/div> \n","protected":false},"excerpt":{"rendered":"<p>Nome do ProjetoLorem ipsum dolor sit amet consectetur adipiscing elit dolor. Lorem ipsum dolor sit amet consectetur adipiscing elit dolorverNome do ProjetoLorem ipsum dolor sit amet consectetur adipiscing elit dolor. Lorem ipsum dolor sit amet consectetur adipiscing elit dolorVerNome do ProjetoLorem ipsum dolor sit amet consectetur adipiscing elit dolor. Lorem ipsum dolor sit amet consectetur [&hellip;]<\/p>\n","protected":false},"author":3,"featured_media":0,"parent":0,"menu_order":0,"comment_status":"closed","ping_status":"closed","template":"","meta":{"postBodyCss":"","postBodyMargin":[],"postBodyPadding":[],"postBodyBackground":{"backgroundType":"classic","gradient":""},"footnotes":""},"class_list":["post-1099","page","type-page","status-publish","hentry"],"_links":{"self":[{"href":"https:\/\/cranky-robinson.95-216-11-62.plesk.page\/index.php?rest_route=\/wp\/v2\/pages\/1099","targetHints":{"allow":["GET"]}}],"collection":[{"href":"https:\/\/cranky-robinson.95-216-11-62.plesk.page\/index.php?rest_route=\/wp\/v2\/pages"}],"about":[{"href":"https:\/\/cranky-robinson.95-216-11-62.plesk.page\/index.php?rest_route=\/wp\/v2\/types\/page"}],"author":[{"embeddable":true,"href":"https:\/\/cranky-robinson.95-216-11-62.plesk.page\/index.php?rest_route=\/wp\/v2\/users\/3"}],"replies":[{"embeddable":true,"href":"https:\/\/cranky-robinson.95-216-11-62.plesk.page\/index.php?rest_route=%2Fwp%2Fv2%2Fcomments&post=1099"}],"version-history":[{"count":263,"href":"https:\/\/cranky-robinson.95-216-11-62.plesk.page\/index.php?rest_route=\/wp\/v2\/pages\/1099\/revisions"}],"predecessor-version":[{"id":1693,"href":"https:\/\/cranky-robinson.95-216-11-62.plesk.page\/index.php?rest_route=\/wp\/v2\/pages\/1099\/revisions\/1693"}],"wp:attachment":[{"href":"https:\/\/cranky-robinson.95-216-11-62.plesk.page\/index.php?rest_route=%2Fwp%2Fv2%2Fmedia&parent=1099"}],"curies":[{"name":"wp","href":"https:\/\/api.w.org\/{rel}","templated":true}]}}